{"id":17,"date":"2017-06-10T08:25:36","date_gmt":"2017-06-10T05:25:36","guid":{"rendered":"http:\/\/xtratheme.combuilding\/?page_id=8"},"modified":"2024-12-09T19:58:26","modified_gmt":"2024-12-09T16:58:26","slug":"hizmetlerimiz","status":"publish","type":"page","link":"https:\/\/karabukenesnakliyat.com\/index.php\/hizmetlerimiz\/","title":{"rendered":"Hizmetlerimiz"},"content":{"rendered":"<p>[vc_row][vc_column]<div class=\"cz_gap clr  hide_on_mobile\" style=\"height: 50px\"><\/div><div class=\"cz_gap show_on_mobile clr\" style=\"height: 30px\"><\/div><div id=\"cz_29855\" class=\"cz_29855 cz_title clr cz_title_has_bg cz_title_pos_inline tac\"><div class=\"cz_title_shape shape_square cz_shape_1\"><\/div><div class=\"cz_title_content\"><div class=\"cz_wpe_content\"><h4 style=\"text-align: center;\"><span style=\"color: #ffffff;\">enes nakliyat<br \/>\n<\/span><\/h4>\n<\/div><\/div><\/div><div class=\"cz_gap clr \" style=\"height: 80px\"><\/div><div id=\"cz_94347\" class=\"cz_94347 cz_title clr cz_smart_fs cz_mobile_text_center cz_title_pos_inline tac\"><div class=\"cz_title_content\"><div class=\"cz_wpe_content\"><h2 style=\"text-align: center;\">Karab\u00fck&#8217;teki mevcut olan en iyi nakliye hizmetlerini sunmaktan gurur duyuyoruz. De-Montaj, Ambalaj, Ta\u015f\u0131ma, Asans\u00f6rl\u00fc Ta\u015f\u0131ma i\u015flerini yapan yetenekli personelimiz, sizlere hizmet etmekten gurur duyuyor.<\/h2>\n<\/div><\/div><\/div><div class=\"cz_gap clr  hide_on_mobile\" style=\"height: 110px\"><\/div><div class=\"cz_gap show_on_mobile clr\" style=\"height: 70px\"><\/div>[\/vc_column][\/vc_row][vc_row][vc_column width=&#8221;1\/3&#8243;]<div id=\"cz_88538\" class=\"cz_88538 services clr style11 cz_sbi_fx_8a services_b\"><div class=\"service_img\"><img width=\"100\" height=\"100\" src=\"data:image\/svg+xml,%3Csvg%20xmlns%3D&#39;http%3A%2F%2Fwww.w3.org%2F2000%2Fsvg&#39;%20width=&#39;100&#39;%20height=&#39;100&#39;%20viewBox%3D&#39;0%200%20100%20100&#39;%2F%3E\" data-czlz data-src=\"https:\/\/karabukenesnakliyat.com\/wp-content\/uploads\/2019\/06\/ico1.png\" class=\"service-icon attachment-thumbnail\" alt=\"\" \/><\/div><div class=\"service_text\"><h3>Evden Eve<\/h3><div class=\"cz_wpe_content\"><div style=\"text-align: center; line-height: 1.6;\"><span style=\"font-size: 18px; color: #888888;\">Eski evinizden yeni evinize&#8230;<\/span><\/div>\n<\/div><\/div><\/div>[\/vc_column][vc_column width=&#8221;1\/3&#8243;]<div id=\"cz_55714\" class=\"cz_55714 services clr style11 cz_sbi_fx_8a services_b\"><div class=\"service_img\"><img width=\"100\" height=\"100\" src=\"data:image\/svg+xml,%3Csvg%20xmlns%3D&#39;http%3A%2F%2Fwww.w3.org%2F2000%2Fsvg&#39;%20width=&#39;100&#39;%20height=&#39;100&#39;%20viewBox%3D&#39;0%200%20100%20100&#39;%2F%3E\" data-czlz data-src=\"https:\/\/karabukenesnakliyat.com\/wp-content\/uploads\/2019\/06\/ico2.png\" class=\"service-icon attachment-thumbnail\" alt=\"\" \/><\/div><div class=\"service_text\"><h3>Paketleme & Ambalajlama<\/h3><div class=\"cz_wpe_content\"><div style=\"text-align: center; line-height: 1.6;\"><span style=\"font-size: 18px; color: #888888;\">E\u015fyalar\u0131n\u0131z\u0131 korunakl\u0131 ambalajlar\u0131m\u0131zla paketliyoruz.<\/span><\/div>\n<\/div><\/div><\/div>[\/vc_column][vc_column width=&#8221;1\/3&#8243;]<div id=\"cz_71515\" class=\"cz_71515 services clr style11 cz_sbi_fx_8a services_b\"><div class=\"service_img\"><img width=\"100\" height=\"100\" src=\"data:image\/svg+xml,%3Csvg%20xmlns%3D&#39;http%3A%2F%2Fwww.w3.org%2F2000%2Fsvg&#39;%20width=&#39;100&#39;%20height=&#39;100&#39;%20viewBox%3D&#39;0%200%20100%20100&#39;%2F%3E\" data-czlz data-src=\"https:\/\/karabukenesnakliyat.com\/wp-content\/uploads\/2019\/06\/ico4.png\" class=\"service-icon attachment-thumbnail\" alt=\"\" \/><\/div><div class=\"service_text\"><h3>81 \u0130l'e Hizmet<\/h3><div class=\"cz_wpe_content\"><div style=\"text-align: center; line-height: 1.6;\"><span style=\"font-size: 18px; color: #888888;\">Karab\u00fck dahil 81 \u0130l&#8217;e hizmet veriyoruz. Karab\u00fck&#8217;e geliyor ya da Karab\u00fck&#8217;ten gidiyor olman\u0131z yeterli.<\/span><\/div>\n<\/div><\/div><\/div>[\/vc_column][\/vc_row][vc_row][vc_column width=&#8221;1\/3&#8243;]<div id=\"cz_24441\" class=\"cz_24441 services clr style11 cz_sbi_fx_8a services_b\"><div class=\"service_img\"><img width=\"100\" height=\"100\" src=\"data:image\/svg+xml,%3Csvg%20xmlns%3D&#39;http%3A%2F%2Fwww.w3.org%2F2000%2Fsvg&#39;%20width=&#39;100&#39;%20height=&#39;100&#39;%20viewBox%3D&#39;0%200%20100%20100&#39;%2F%3E\" data-czlz data-src=\"https:\/\/karabukenesnakliyat.com\/wp-content\/uploads\/2019\/06\/ico5.png\" class=\"service-icon attachment-thumbnail\" alt=\"\" \/><\/div><div class=\"service_text\"><h3>7 \/ 24 Hizmet<\/h3><div class=\"cz_wpe_content\"><div style=\"text-align: center; line-height: 1.6;\"><span style=\"font-size: 18px; color: #888888;\">Siz ne zaman uygunsan\u0131z biz o zaman haz\u0131r\u0131z.<\/span><\/div>\n<\/div><\/div><\/div>[\/vc_column][vc_column width=&#8221;1\/3&#8243;]<div id=\"cz_86179\" class=\"cz_86179 services clr style11 cz_sbi_fx_8a services_b\"><div class=\"service_img\"><img width=\"100\" height=\"100\" src=\"data:image\/svg+xml,%3Csvg%20xmlns%3D&#39;http%3A%2F%2Fwww.w3.org%2F2000%2Fsvg&#39;%20width=&#39;100&#39;%20height=&#39;100&#39;%20viewBox%3D&#39;0%200%20100%20100&#39;%2F%3E\" data-czlz data-src=\"https:\/\/karabukenesnakliyat.com\/wp-content\/uploads\/2019\/06\/ico6.png\" class=\"service-icon attachment-thumbnail\" alt=\"\" \/><\/div><div class=\"service_text\"><h3>Montaj<\/h3><div class=\"cz_wpe_content\"><div style=\"text-align: center; line-height: 1.6;\"><span style=\"font-size: 18px; color: #888888;\">Evinizden ayr\u0131l\u0131rken e\u015fyalar\u0131n\u0131z\u0131 itina ile demonte edip yeni evinizde tekrar monte ediyoruz.<\/span><\/div>\n<\/div><\/div><\/div>[\/vc_column][vc_column width=&#8221;1\/3&#8243;]<div id=\"cz_28480\" class=\"cz_28480 services clr style11 cz_sbi_fx_8a services_b\"><div class=\"service_img\"><img width=\"100\" height=\"100\" src=\"data:image\/svg+xml,%3Csvg%20xmlns%3D&#39;http%3A%2F%2Fwww.w3.org%2F2000%2Fsvg&#39;%20width=&#39;100&#39;%20height=&#39;100&#39;%20viewBox%3D&#39;0%200%20100%20100&#39;%2F%3E\" data-czlz data-src=\"https:\/\/karabukenesnakliyat.com\/wp-content\/uploads\/2021\/08\/elevator.png\" class=\"service-icon attachment-thumbnail\" alt=\"\" \/><\/div><div class=\"service_text\"><h3>Asans\u00f6rl\u00fc Nakliyat<\/h3><div class=\"cz_wpe_content\"><div style=\"text-align: center; line-height: 1.6;\"><span style=\"font-size: 18px; color: #888888;\">\u00dcst katlarda m\u0131s\u0131n\u0131z? Hi\u00e7 sorun de\u011fil 12 kat y\u00fckselen asans\u00f6r\u00fcm\u00fcz ile e\u015fyalar\u0131n\u0131z\u0131 arac\u0131m\u0131za do\u011frudan y\u00fckl\u00fcyoruz.<\/span><\/div>\n<\/div><\/div><\/div>[\/vc_column][\/vc_row][vc_row][vc_column]<div class=\"cz_gap clr  hide_on_mobile\" style=\"height: 120px\"><\/div><div class=\"cz_gap show_on_mobile clr\" style=\"height: 40px\"><\/div>[\/vc_column][\/vc_row][vc_row full_width=&#8221;stretch_row&#8221; css=&#8221;.vc_custom_1560765754780{background-image: url(https:\/\/karabukenesnakliyat.com\/wp-content\/uploads\/2019\/06\/bg1.jpg?id=1126) !important;background-position: center !important;background-repeat: no-repeat !important;background-size: cover !important;}&#8221;][vc_column]<div class=\"cz_gap clr  hide_on_mobile\" style=\"height: 150px\"><\/div><div class=\"cz_gap show_on_mobile clr\" style=\"height: 100px\"><\/div><div id=\"cz_11212\" class=\"cz_11212 cz_title clr cz_title_pos_inline tac\"><div class=\"cz_title_shape shape_icon cz_shape_1\"><i class=\"fa fa-caret-down\"><\/i><\/div><div class=\"cz_title_content\"><div class=\"cz_wpe_content\"><h2 style=\"text-align: center;\"><span style=\"color: #ffffff;\">3 A\u015famada Evinizi Ta\u015f\u0131yal\u0131m<\/span><\/h2>\n<\/div><\/div><\/div><div class=\"cz_gap clr \" style=\"height: 90px\"><\/div>[vc_row_inner][vc_column_inner width=&#8221;1\/3&#8243;]<div class=\"cz_eqh cz_content_box_parent_fx  \"><div id=\"cz_55039\" class=\"cz_55039 cz_content_box clr\"><div class=\"cz_box_front clr\"><div class=\"cz_box_front_inner clr \"><span><\/span><div><div id=\"cz_17974\" class=\"cz_17974 cz_process_road cz_road_cr cz_road_icon_custom cz_road_0px\"><i><span>1.<\/span><\/i><div class=\"cz_process_road_a\"><\/div><div class=\"cz_process_road_b\"><\/div><\/div><div id=\"cz_98408\" class=\"cz_98408 cz_title clr cz_title_pos_inline tac\"><div class=\"cz_title_content\"><div class=\"cz_wpe_content\"><p style=\"text-align: center;\"><span style=\"color: #ffffff; font-weight: bold; font-size: 26px;\">Haz\u0131rl\u0131k<\/span><\/p>\n<\/div><\/div><\/div><div id=\"cz_47716\" class=\"cz_47716 cz_title clr cz_title_pos_inline tac\"><div class=\"cz_title_content\"><div class=\"cz_wpe_content\"><div style=\"text-align: center; line-height: 1.5;\"><span style=\"color: #aaaaaa; font-size: 18px;\">Herkesin kafas\u0131nda ta\u015f\u0131nmak i\u00e7in net bir g\u00fcn vard\u0131r. O g\u00fcn i\u00e7in haz\u0131rl\u0131klar\u0131n\u0131z\u0131 yap\u0131n.<\/span><\/div>\n<\/div><\/div><\/div><\/div><\/div><\/div><\/div><\/div>[\/vc_column_inner][vc_column_inner width=&#8221;1\/3&#8243;]<div class=\"cz_eqh cz_content_box_parent_fx  \"><div id=\"cz_88840\" class=\"cz_88840 cz_content_box clr\"><div class=\"cz_box_front clr\"><div class=\"cz_box_front_inner clr \"><span><\/span><div><div id=\"cz_84942\" class=\"cz_84942 cz_process_road cz_road_cr cz_road_icon_custom cz_road_0px\"><i><span>2.<\/span><\/i><div class=\"cz_process_road_a\"><\/div><div class=\"cz_process_road_b\"><\/div><\/div><div id=\"cz_30819\" class=\"cz_30819 cz_title clr cz_title_pos_inline tac\"><div class=\"cz_title_content\"><div class=\"cz_wpe_content\"><p style=\"text-align: center;\"><span style=\"color: #ffffff; font-weight: bold; font-size: 26px;\">Fiyatland\u0131rma<\/span><\/p>\n<\/div><\/div><\/div><div id=\"cz_101852\" class=\"cz_101852 cz_title clr cz_title_pos_inline tac\"><div class=\"cz_title_content\"><div class=\"cz_wpe_content\"><div style=\"text-align: center; line-height: 1.5;\"><span style=\"color: #ffffff; font-size: 18px;\"><span style=\"color: #aaaaaa;\">Nereden nereye gidece\u011finizi, ta\u015f\u0131nacak olan e\u015fyalar\u0131n\u0131z\u0131n b\u00fcy\u00fckl\u00fc\u011f\u00fcn\u00fc ve miktar\u0131n\u0131 belirledikten sonra bizi aray\u0131n ve fiyat hakk\u0131nda konu\u015fal\u0131m.<\/span><br \/>\n<\/span><\/div>\n<\/div><\/div><\/div><\/div><\/div><\/div><\/div><\/div>[\/vc_column_inner][vc_column_inner width=&#8221;1\/3&#8243;]<div class=\"cz_eqh cz_content_box_parent_fx  \"><div id=\"cz_109782\" class=\"cz_109782 cz_content_box clr\"><div class=\"cz_box_front clr\"><div class=\"cz_box_front_inner clr \"><span><\/span><div><div id=\"cz_14050\" class=\"cz_14050 cz_process_road cz_road_cr cz_road_icon_custom cz_road_0px\"><i><span>3.<\/span><\/i><div class=\"cz_process_road_a\"><\/div><div class=\"cz_process_road_b\"><\/div><\/div><div id=\"cz_22305\" class=\"cz_22305 cz_title clr cz_title_pos_inline tac\"><div class=\"cz_title_content\"><div class=\"cz_wpe_content\"><p style=\"text-align: center;\"><span style=\"color: #ffffff; font-weight: bold; font-size: 26px;\">Sonu\u00e7<\/span><\/p>\n<\/div><\/div><\/div><div id=\"cz_31076\" class=\"cz_31076 cz_title clr cz_title_pos_inline tac\"><div class=\"cz_title_content\"><div class=\"cz_wpe_content\"><div style=\"text-align: center; line-height: 1.5;\"><span style=\"color: #aaaaaa;\"><span style=\"font-size: 18px;\">Ta\u015f\u0131naca\u011f\u0131n\u0131z g\u00fcn evinize gelip e\u015fyalar\u0131n\u0131z\u0131 demonte edelim ve asans\u00f6r\u00fcm\u00fczle e\u015fyalar\u0131n\u0131z\u0131 arac\u0131m\u0131za y\u00fckleyelim. Yeni evinize vard\u0131\u011f\u0131m\u0131zda da e\u015fyalar\u0131n\u0131z\u0131 tekrar monte edelim.<\/span><\/span><\/div>\n<\/div><\/div><\/div><\/div><\/div><\/div><\/div><\/div>[\/vc_column_inner][\/vc_row_inner]<div class=\"cz_gap clr  hide_on_mobile\" style=\"height: 110px\"><\/div><div class=\"cz_gap show_on_mobile clr\" style=\"height: 40px\"><\/div><div class=\"cz_btn_center\"><div class=\"cz_92818_p clr wpb_animate_when_almost_visible fadeInUp\"><a id=\"cz_92818\" class=\"cz_92818 cz_btn cz_btn_txt_no_fx cz_btn_zoom_in\" href=\"tel:05383974375\"><span><i class=\"fa czico-092-phone-call-1\"><\/i><strong>Bizi Aray\u0131n<\/strong><\/span><b class=\"cz_btn_onhover\"><i class=\"fa czico-092-phone-call-1\"><\/i><strong>Bizi Aray\u0131n<\/strong><\/b><\/a><\/div><\/div><div class=\"cz_gap clr \" style=\"height: 150px\"><\/div>[\/vc_column][\/vc_row][vc_row][vc_column]<div class=\"cz_gap clr \" style=\"height: 101px\"><\/div><div class=\"cz_gap clr \" style=\"height: 50px\"><\/div>[\/vc_column][vc_column][\/vc_column][\/vc_row][vc_row full_width=&#8221;stretch_row&#8221; css=&#8221;.vc_custom_1560581560107{padding-top: 100px !important;padding-bottom: 100px !important;background-image: url(https:\/\/karabukenesnakliyat.com\/wp-content\/uploads\/2019\/06\/bg4.jpg?id=1143) !important;background-position: center !important;background-repeat: no-repeat !important;background-size: cover !important;}&#8221;][vc_column width=&#8221;1\/3&#8243;]<div id=\"cz_62166\" class=\"cz_62166 cz_title clr cz_mobile_text_center cz_title_has_icon cz_title_pos_inline tac\"><div class=\"cz_title_content\"><i class=\"cz_title_icon_before fa fa-caret-right\"><\/i><div class=\"cz_wpe_content\"><h3 style=\"text-align: center;\"><span style=\"color: #ffffff; font-size: 40px;\">Bizi Aray\u0131n<\/span><\/h3>\n<\/div><\/div><\/div>[\/vc_column][vc_column width=&#8221;1\/3&#8243;][\/vc_column][vc_column width=&#8221;1\/3&#8243;]<div id=\"cz_16055\" class=\"cz_16055 cz_title clr cz_mobile_text_center cz_title_has_icon cz_title_pos_inline\"><div class=\"cz_title_content\"><i class=\"cz_title_icon_before fa fa-phone\"><\/i><div class=\"cz_wpe_content\"><h3><a href=\"tel:05383974375\"><span style=\"color: #ffffff; font-size: 36px;\">0 538 397 43 75<\/span><\/a><\/h3>\n<\/div><\/div><\/div>[\/vc_column][\/vc_row][vc_row][vc_column]<div class=\"cz_gap clr  hide_on_mobile\" style=\"height: 120px\"><\/div><div class=\"cz_gap show_on_mobile clr\" style=\"height: 40px\"><\/div>[\/vc_column][\/vc_row]<\/p>\n","protected":false},"excerpt":{"rendered":"<p>[vc_row][vc_column][\/vc_column][\/vc_row][vc_row][vc_column width=&#8221;1\/3&#8243;][\/vc_column][vc_column width=&#8221;1\/3&#8243;][\/vc_column][vc_column width=&#8221;1\/3&#8243;][\/vc_column][\/vc_row][vc_row][vc_column width=&#8221;1\/3&#8243;][\/vc_column][vc_column width=&#8221;1\/3&#8243;][\/vc_column][vc_column width=&#8221;1\/3&#8243;][\/vc_column][\/vc_row][vc_row][vc_column][\/vc_column][\/vc_row][vc_row full_width=&#8221;stretch_row&#8221; css=&#8221;.vc_custom_1560765754780{background-image: url(https:\/\/karabukenesnakliyat.com\/wp-content\/uploads\/2019\/06\/bg1.jpg?id=1126) !important;background-position: &#8230; <\/p>\n","protected":false},"author":1,"featured_media":0,"parent":0,"menu_order":0,"comment_status":"closed","ping_status":"closed","template":"","meta":[],"_links":{"self":[{"href":"https:\/\/karabukenesnakliyat.com\/index.php\/wp-json\/wp\/v2\/pages\/17"}],"collection":[{"href":"https:\/\/karabukenesnakliyat.com\/index.php\/wp-json\/wp\/v2\/pages"}],"about":[{"href":"https:\/\/karabukenesnakliyat.com\/index.php\/wp-json\/wp\/v2\/types\/page"}],"author":[{"embeddable":true,"href":"https:\/\/karabukenesnakliyat.com\/index.php\/wp-json\/wp\/v2\/users\/1"}],"replies":[{"embeddable":true,"href":"https:\/\/karabukenesnakliyat.com\/index.php\/wp-json\/wp\/v2\/comments?post=17"}],"version-history":[{"count":6,"href":"https:\/\/karabukenesnakliyat.com\/index.php\/wp-json\/wp\/v2\/pages\/17\/revisions"}],"predecessor-version":[{"id":1360,"href":"https:\/\/karabukenesnakliyat.com\/index.php\/wp-json\/wp\/v2\/pages\/17\/revisions\/1360"}],"wp:attachment":[{"href":"https:\/\/karabukenesnakliyat.com\/index.php\/wp-json\/wp\/v2\/media?parent=17"}],"curies":[{"name":"wp","href":"https:\/\/api.w.org\/{rel}","templated":true}]}}